{"id":2419,"date":"2022-03-15T19:44:25","date_gmt":"2022-03-15T19:44:25","guid":{"rendered":"http:\/\/localhost:10016\/?post_type=product&#038;p=2419"},"modified":"2022-05-17T18:25:59","modified_gmt":"2022-05-17T18:25:59","slug":"scrubs-tops-unisex","status":"publish","type":"product","link":"https:\/\/assistamedical.com\/fr\/products\/quote\/scrubs-tops-unisex\/","title":{"rendered":"Haut d'uniforme - Unisex"},"content":{"rendered":"","protected":false},"excerpt":{"rendered":"<ul>\n<li>Disponible en m\u00e9lange coton\/polyester ou 100% polyester.<\/li>\n<li>Disponible en diff\u00e9rentes tailles et couleurs.<\/li>\n<li>La taille est cod\u00e9e par couleur avec la coupe.<\/li>\n<li>Peut \u00eatre facilement imprim\u00e9, brod\u00e9 ou \u00e9tiquet\u00e9 (thermo patch)<\/li>\n<li>Peut utiliser un m\u00e9canisme de suivi tel qu'un RFID ou un code \u00e0 barres.<\/li>\n<li>Couture double pour une meilleure r\u00e9sistance \u00e0 la traction.<\/li>\n<\/ul>","protected":false},"featured_media":2422,"template":"","meta":{"_kadence_starter_templates_imported_post":false,"_kad_post_transparent":"default","_kad_post_title":"","_kad_post_layout":"default","_kad_post_sidebar_id":"","_kad_post_content_style":"default","_kad_post_vertical_padding":"default","_kad_post_feature":"","_kad_post_feature_position":"","_kad_post_header":false,"_kad_post_footer":false},"product_brand":[],"product_cat":[64],"product_tag":[51,48,52,50],"class_list":{"0":"post-2419","1":"product","2":"type-product","3":"status-publish","4":"has-post-thumbnail","6":"product_cat-quote","7":"product_tag-scrubs","8":"product_tag-staff-apparel","9":"product_tag-tops","10":"product_tag-unisex","12":"first","13":"instock","14":"sold-individually","15":"taxable","16":"shipping-taxable","17":"product-type-variable","18":"entry","19":"content-bg","20":"loop-entry"},"yoast_head":"<!-- This site is optimized with the Yoast SEO plugin v22.6 - https:\/\/yoast.com\/wordpress\/plugins\/seo\/ -->\n<title>Scrubs Tops - Unisex - Assista Medical<\/title>\n<meta name=\"robots\" content=\"index, follow, max-snippet:-1, max-image-preview:large, max-video-preview:-1\" \/>\n<link rel=\"canonical\" href=\"https:\/\/assistamedical.com\/fr\/products\/quote\/scrubs-tops-unisex\/\" \/>\n<meta property=\"og:locale\" content=\"fr_CA\" \/>\n<meta property=\"og:type\" content=\"article\" \/>\n<meta property=\"og:title\" content=\"Scrubs Tops - Unisex - Assista Medical\" \/>\n<meta property=\"og:description\" content=\"Available in mix of cotton\/polyester or 100% polyester  Available in different size and color  Size is color coded with trimming  Can easily be printed, embroidered or labeled (thermo patch)  Can use tracking mechanism such as a RFID or Bar Code  Doubled stitched sewing for higher tensile resistance\" \/>\n<meta property=\"og:url\" content=\"https:\/\/assistamedical.com\/fr\/products\/quote\/scrubs-tops-unisex\/\" \/>\n<meta property=\"og:site_name\" content=\"Assista Medical\" \/>\n<meta property=\"article:modified_time\" content=\"2022-05-17T18:25:59+00:00\" \/>\n<meta property=\"og:image\" content=\"https:\/\/assistamedical.com\/wp-content\/uploads\/2022\/03\/20170220_092858-1-e1489591309643_30-1.jpg\" \/>\n\t<meta property=\"og:image:width\" content=\"907\" \/>\n\t<meta property=\"og:image:height\" content=\"1210\" \/>\n\t<meta property=\"og:image:type\" content=\"image\/jpeg\" \/>\n<meta name=\"twitter:card\" content=\"summary_large_image\" \/>\n<script type=\"application\/ld+json\" class=\"yoast-schema-graph\">{\"@context\":\"https:\/\/schema.org\",\"@graph\":[{\"@type\":\"WebPage\",\"@id\":\"https:\/\/assistamedical.com\/en\/products\/quote\/scrubs-tops-unisex\/\",\"url\":\"https:\/\/assistamedical.com\/en\/products\/quote\/scrubs-tops-unisex\/\",\"name\":\"Scrubs Tops - Unisex - Assista Medical\",\"isPartOf\":{\"@id\":\"https:\/\/assistamedical.com\/fr\/#website\"},\"primaryImageOfPage\":{\"@id\":\"https:\/\/assistamedical.com\/en\/products\/quote\/scrubs-tops-unisex\/#primaryimage\"},\"image\":{\"@id\":\"https:\/\/assistamedical.com\/en\/products\/quote\/scrubs-tops-unisex\/#primaryimage\"},\"thumbnailUrl\":\"https:\/\/assistamedical.com\/wp-content\/uploads\/2022\/03\/20170220_092858-1-e1489591309643_30-1.jpg\",\"datePublished\":\"2022-03-15T19:44:25+00:00\",\"dateModified\":\"2022-05-17T18:25:59+00:00\",\"breadcrumb\":{\"@id\":\"https:\/\/assistamedical.com\/en\/products\/quote\/scrubs-tops-unisex\/#breadcrumb\"},\"inLanguage\":\"fr-CA\",\"potentialAction\":[{\"@type\":\"ReadAction\",\"target\":[\"https:\/\/assistamedical.com\/en\/products\/quote\/scrubs-tops-unisex\/\"]}]},{\"@type\":\"ImageObject\",\"inLanguage\":\"fr-CA\",\"@id\":\"https:\/\/assistamedical.com\/en\/products\/quote\/scrubs-tops-unisex\/#primaryimage\",\"url\":\"https:\/\/assistamedical.com\/wp-content\/uploads\/2022\/03\/20170220_092858-1-e1489591309643_30-1.jpg\",\"contentUrl\":\"https:\/\/assistamedical.com\/wp-content\/uploads\/2022\/03\/20170220_092858-1-e1489591309643_30-1.jpg\",\"width\":907,\"height\":1210},{\"@type\":\"BreadcrumbList\",\"@id\":\"https:\/\/assistamedical.com\/en\/products\/quote\/scrubs-tops-unisex\/#breadcrumb\",\"itemListElement\":[{\"@type\":\"ListItem\",\"position\":1,\"name\":\"Home\",\"item\":\"https:\/\/assistamedical.com\/fr\/\"},{\"@type\":\"ListItem\",\"position\":2,\"name\":\"Products\",\"item\":\"https:\/\/assistamedical.com\/en\/products\/\"},{\"@type\":\"ListItem\",\"position\":3,\"name\":\"Scrubs Tops &#8211; Unisex\"}]},{\"@type\":\"WebSite\",\"@id\":\"https:\/\/assistamedical.com\/fr\/#website\",\"url\":\"https:\/\/assistamedical.com\/fr\/\",\"name\":\"Assista Medical\",\"description\":\"\",\"publisher\":{\"@id\":\"https:\/\/assistamedical.com\/fr\/#organization\"},\"potentialAction\":[{\"@type\":\"SearchAction\",\"target\":{\"@type\":\"EntryPoint\",\"urlTemplate\":\"https:\/\/assistamedical.com\/fr\/?s={search_term_string}\"},\"query-input\":\"required name=search_term_string\"}],\"inLanguage\":\"fr-CA\"},{\"@type\":\"Organization\",\"@id\":\"https:\/\/assistamedical.com\/fr\/#organization\",\"name\":\"Assista Medical\",\"url\":\"https:\/\/assistamedical.com\/fr\/\",\"logo\":{\"@type\":\"ImageObject\",\"inLanguage\":\"fr-CA\",\"@id\":\"https:\/\/assistamedical.com\/fr\/#\/schema\/logo\/image\/\",\"url\":\"https:\/\/assistamedical.com\/wp-content\/uploads\/2022\/02\/cropped-logo-Assista-Final-1.png\",\"contentUrl\":\"https:\/\/assistamedical.com\/wp-content\/uploads\/2022\/02\/cropped-logo-Assista-Final-1.png\",\"width\":1200,\"height\":397,\"caption\":\"Assista Medical\"},\"image\":{\"@id\":\"https:\/\/assistamedical.com\/fr\/#\/schema\/logo\/image\/\"}}]}<\/script>\n<!-- \/ Yoast SEO plugin. -->","yoast_head_json":{"title":"Scrubs Tops - Unisex - Assista Medical","robots":{"index":"index","follow":"follow","max-snippet":"max-snippet:-1","max-image-preview":"max-image-preview:large","max-video-preview":"max-video-preview:-1"},"canonical":"https:\/\/assistamedical.com\/fr\/products\/quote\/scrubs-tops-unisex\/","og_locale":"fr_CA","og_type":"article","og_title":"Scrubs Tops - Unisex - Assista Medical","og_description":"Available in mix of cotton\/polyester or 100% polyester  Available in different size and color  Size is color coded with trimming  Can easily be printed, embroidered or labeled (thermo patch)  Can use tracking mechanism such as a RFID or Bar Code  Doubled stitched sewing for higher tensile resistance","og_url":"https:\/\/assistamedical.com\/fr\/products\/quote\/scrubs-tops-unisex\/","og_site_name":"Assista Medical","article_modified_time":"2022-05-17T18:25:59+00:00","og_image":[{"width":907,"height":1210,"url":"https:\/\/assistamedical.com\/wp-content\/uploads\/2022\/03\/20170220_092858-1-e1489591309643_30-1.jpg","type":"image\/jpeg"}],"twitter_card":"summary_large_image","schema":{"@context":"https:\/\/schema.org","@graph":[{"@type":"WebPage","@id":"https:\/\/assistamedical.com\/en\/products\/quote\/scrubs-tops-unisex\/","url":"https:\/\/assistamedical.com\/en\/products\/quote\/scrubs-tops-unisex\/","name":"Scrubs Tops - Unisex - Assista Medical","isPartOf":{"@id":"https:\/\/assistamedical.com\/fr\/#website"},"primaryImageOfPage":{"@id":"https:\/\/assistamedical.com\/en\/products\/quote\/scrubs-tops-unisex\/#primaryimage"},"image":{"@id":"https:\/\/assistamedical.com\/en\/products\/quote\/scrubs-tops-unisex\/#primaryimage"},"thumbnailUrl":"https:\/\/assistamedical.com\/wp-content\/uploads\/2022\/03\/20170220_092858-1-e1489591309643_30-1.jpg","datePublished":"2022-03-15T19:44:25+00:00","dateModified":"2022-05-17T18:25:59+00:00","breadcrumb":{"@id":"https:\/\/assistamedical.com\/en\/products\/quote\/scrubs-tops-unisex\/#breadcrumb"},"inLanguage":"fr-CA","potentialAction":[{"@type":"ReadAction","target":["https:\/\/assistamedical.com\/en\/products\/quote\/scrubs-tops-unisex\/"]}]},{"@type":"ImageObject","inLanguage":"fr-CA","@id":"https:\/\/assistamedical.com\/en\/products\/quote\/scrubs-tops-unisex\/#primaryimage","url":"https:\/\/assistamedical.com\/wp-content\/uploads\/2022\/03\/20170220_092858-1-e1489591309643_30-1.jpg","contentUrl":"https:\/\/assistamedical.com\/wp-content\/uploads\/2022\/03\/20170220_092858-1-e1489591309643_30-1.jpg","width":907,"height":1210},{"@type":"BreadcrumbList","@id":"https:\/\/assistamedical.com\/en\/products\/quote\/scrubs-tops-unisex\/#breadcrumb","itemListElement":[{"@type":"ListItem","position":1,"name":"Home","item":"https:\/\/assistamedical.com\/fr\/"},{"@type":"ListItem","position":2,"name":"Products","item":"https:\/\/assistamedical.com\/en\/products\/"},{"@type":"ListItem","position":3,"name":"Scrubs Tops &#8211; Unisex"}]},{"@type":"WebSite","@id":"https:\/\/assistamedical.com\/fr\/#website","url":"https:\/\/assistamedical.com\/fr\/","name":"Assista Medical","description":"","publisher":{"@id":"https:\/\/assistamedical.com\/fr\/#organization"},"potentialAction":[{"@type":"SearchAction","target":{"@type":"EntryPoint","urlTemplate":"https:\/\/assistamedical.com\/fr\/?s={search_term_string}"},"query-input":"required name=search_term_string"}],"inLanguage":"fr-CA"},{"@type":"Organization","@id":"https:\/\/assistamedical.com\/fr\/#organization","name":"Assista Medical","url":"https:\/\/assistamedical.com\/fr\/","logo":{"@type":"ImageObject","inLanguage":"fr-CA","@id":"https:\/\/assistamedical.com\/fr\/#\/schema\/logo\/image\/","url":"https:\/\/assistamedical.com\/wp-content\/uploads\/2022\/02\/cropped-logo-Assista-Final-1.png","contentUrl":"https:\/\/assistamedical.com\/wp-content\/uploads\/2022\/02\/cropped-logo-Assista-Final-1.png","width":1200,"height":397,"caption":"Assista Medical"},"image":{"@id":"https:\/\/assistamedical.com\/fr\/#\/schema\/logo\/image\/"}}]}},"jetpack_sharing_enabled":true,"_links":{"self":[{"href":"https:\/\/assistamedical.com\/fr\/wp-json\/wp\/v2\/product\/2419","targetHints":{"allow":["GET"]}}],"collection":[{"href":"https:\/\/assistamedical.com\/fr\/wp-json\/wp\/v2\/product"}],"about":[{"href":"https:\/\/assistamedical.com\/fr\/wp-json\/wp\/v2\/types\/product"}],"wp:featuredmedia":[{"embeddable":true,"href":"https:\/\/assistamedical.com\/fr\/wp-json\/wp\/v2\/media\/2422"}],"wp:attachment":[{"href":"https:\/\/assistamedical.com\/fr\/wp-json\/wp\/v2\/media?parent=2419"}],"wp:term":[{"taxonomy":"product_brand","embeddable":true,"href":"https:\/\/assistamedical.com\/fr\/wp-json\/wp\/v2\/product_brand?post=2419"},{"taxonomy":"product_cat","embeddable":true,"href":"https:\/\/assistamedical.com\/fr\/wp-json\/wp\/v2\/product_cat?post=2419"},{"taxonomy":"product_tag","embeddable":true,"href":"https:\/\/assistamedical.com\/fr\/wp-json\/wp\/v2\/product_tag?post=2419"}],"curies":[{"name":"wp","href":"https:\/\/api.w.org\/{rel}","templated":true}]}}