{"id":2373,"date":"2022-03-15T15:00:14","date_gmt":"2022-03-15T19:00:14","guid":{"rendered":"http:\/\/localhost:10016\/?post_type=product&#038;p=2373"},"modified":"2022-07-28T16:28:02","modified_gmt":"2022-07-28T20:28:02","slug":"huck-towels","status":"publish","type":"product","link":"https:\/\/assistamedical.com\/fr\/products\/shop\/huck-towels\/","title":{"rendered":"Bo\u00eete de 12 serviettes huck"},"content":{"rendered":"","protected":false},"excerpt":{"rendered":"<p>Our huck towels are made with Surgical grade cotton thus they can be washed and sterilized to use in a control environment operating room.<br \/>\nThese towels are also perfect for car washes, housekeeping, lint-free wiping and glass-cleaning. Reusable and long lasting. Colorfast towels.<\/p>\n<p><strong>Les produits sont pr\u00e9sent\u00e9s dans une bo\u00eete contenant 12 serviettes de toilette.<\/strong><\/p>","protected":false},"featured_media":2403,"template":"","meta":{"_kadence_starter_templates_imported_post":false,"_kad_post_transparent":"default","_kad_post_title":"","_kad_post_layout":"default","_kad_post_sidebar_id":"","_kad_post_content_style":"default","_kad_post_vertical_padding":"default","_kad_post_feature":"","_kad_post_feature_position":"","_kad_post_header":false,"_kad_post_footer":false},"product_brand":[],"product_cat":[63],"product_tag":[43,40,39,42,41],"class_list":{"0":"post-2373","1":"product","2":"type-product","3":"status-publish","4":"has-post-thumbnail","6":"product_cat-shop","7":"product_tag-blue","8":"product_tag-cotton","9":"product_tag-huck-towels","10":"product_tag-surgical-towel","11":"product_tag-towels","13":"first","14":"instock","15":"taxable","16":"shipping-taxable","17":"purchasable","18":"product-type-simple","19":"entry","20":"content-bg","21":"loop-entry"},"yoast_head":"<!-- This site is optimized with the Yoast SEO plugin v22.6 - https:\/\/yoast.com\/wordpress\/plugins\/seo\/ -->\n<title>Box of 12 Huck Towels - Assista Medical<\/title>\n<meta name=\"robots\" content=\"index, follow, max-snippet:-1, max-image-preview:large, max-video-preview:-1\" \/>\n<link rel=\"canonical\" href=\"https:\/\/assistamedical.com\/fr\/products\/shop\/huck-towels\/\" \/>\n<meta property=\"og:locale\" content=\"fr_CA\" \/>\n<meta property=\"og:type\" content=\"article\" \/>\n<meta property=\"og:title\" content=\"Box of 12 Huck Towels - Assista Medical\" \/>\n<meta property=\"og:description\" content=\"Our huck towels are made with Surgical grade cotton thus they can be washed and sterilized to use in a control environment operating room. These towels are also perfect for car washes, housekeeping, lint-free wiping and glass-cleaning. Reusable and long lasting. Colorfast towels.  The products comes in a box with 12 huck towels.\" \/>\n<meta property=\"og:url\" content=\"https:\/\/assistamedical.com\/fr\/products\/shop\/huck-towels\/\" \/>\n<meta property=\"og:site_name\" content=\"Assista Medical\" \/>\n<meta property=\"article:modified_time\" content=\"2022-07-28T20:28:02+00:00\" \/>\n<meta property=\"og:image\" content=\"https:\/\/assistamedical.com\/wp-content\/uploads\/2022\/03\/Huck-towel.jpg\" \/>\n\t<meta property=\"og:image:width\" content=\"722\" \/>\n\t<meta property=\"og:image:height\" content=\"660\" \/>\n\t<meta property=\"og:image:type\" content=\"image\/jpeg\" \/>\n<meta name=\"twitter:card\" content=\"summary_large_image\" \/>\n<script type=\"application\/ld+json\" class=\"yoast-schema-graph\">{\"@context\":\"https:\/\/schema.org\",\"@graph\":[{\"@type\":\"WebPage\",\"@id\":\"https:\/\/assistamedical.com\/en\/products\/shop\/huck-towels\/\",\"url\":\"https:\/\/assistamedical.com\/en\/products\/shop\/huck-towels\/\",\"name\":\"Box of 12 Huck Towels - Assista Medical\",\"isPartOf\":{\"@id\":\"https:\/\/assistamedical.com\/fr\/#website\"},\"primaryImageOfPage\":{\"@id\":\"https:\/\/assistamedical.com\/en\/products\/shop\/huck-towels\/#primaryimage\"},\"image\":{\"@id\":\"https:\/\/assistamedical.com\/en\/products\/shop\/huck-towels\/#primaryimage\"},\"thumbnailUrl\":\"https:\/\/assistamedical.com\/wp-content\/uploads\/2022\/03\/Huck-towel.jpg\",\"datePublished\":\"2022-03-15T19:00:14+00:00\",\"dateModified\":\"2022-07-28T20:28:02+00:00\",\"breadcrumb\":{\"@id\":\"https:\/\/assistamedical.com\/en\/products\/shop\/huck-towels\/#breadcrumb\"},\"inLanguage\":\"fr-CA\",\"potentialAction\":[{\"@type\":\"ReadAction\",\"target\":[\"https:\/\/assistamedical.com\/en\/products\/shop\/huck-towels\/\"]}]},{\"@type\":\"ImageObject\",\"inLanguage\":\"fr-CA\",\"@id\":\"https:\/\/assistamedical.com\/en\/products\/shop\/huck-towels\/#primaryimage\",\"url\":\"https:\/\/assistamedical.com\/wp-content\/uploads\/2022\/03\/Huck-towel.jpg\",\"contentUrl\":\"https:\/\/assistamedical.com\/wp-content\/uploads\/2022\/03\/Huck-towel.jpg\",\"width\":722,\"height\":660},{\"@type\":\"BreadcrumbList\",\"@id\":\"https:\/\/assistamedical.com\/en\/products\/shop\/huck-towels\/#breadcrumb\",\"itemListElement\":[{\"@type\":\"ListItem\",\"position\":1,\"name\":\"Home\",\"item\":\"https:\/\/assistamedical.com\/fr\/\"},{\"@type\":\"ListItem\",\"position\":2,\"name\":\"Products\",\"item\":\"https:\/\/assistamedical.com\/en\/products\/\"},{\"@type\":\"ListItem\",\"position\":3,\"name\":\"Box of 12 Huck Towels\"}]},{\"@type\":\"WebSite\",\"@id\":\"https:\/\/assistamedical.com\/fr\/#website\",\"url\":\"https:\/\/assistamedical.com\/fr\/\",\"name\":\"Assista Medical\",\"description\":\"\",\"publisher\":{\"@id\":\"https:\/\/assistamedical.com\/fr\/#organization\"},\"potentialAction\":[{\"@type\":\"SearchAction\",\"target\":{\"@type\":\"EntryPoint\",\"urlTemplate\":\"https:\/\/assistamedical.com\/fr\/?s={search_term_string}\"},\"query-input\":\"required name=search_term_string\"}],\"inLanguage\":\"fr-CA\"},{\"@type\":\"Organization\",\"@id\":\"https:\/\/assistamedical.com\/fr\/#organization\",\"name\":\"Assista Medical\",\"url\":\"https:\/\/assistamedical.com\/fr\/\",\"logo\":{\"@type\":\"ImageObject\",\"inLanguage\":\"fr-CA\",\"@id\":\"https:\/\/assistamedical.com\/fr\/#\/schema\/logo\/image\/\",\"url\":\"https:\/\/assistamedical.com\/wp-content\/uploads\/2022\/02\/cropped-logo-Assista-Final-1.png\",\"contentUrl\":\"https:\/\/assistamedical.com\/wp-content\/uploads\/2022\/02\/cropped-logo-Assista-Final-1.png\",\"width\":1200,\"height\":397,\"caption\":\"Assista Medical\"},\"image\":{\"@id\":\"https:\/\/assistamedical.com\/fr\/#\/schema\/logo\/image\/\"}}]}<\/script>\n<!-- \/ Yoast SEO plugin. -->","yoast_head_json":{"title":"Box of 12 Huck Towels - Assista Medical","robots":{"index":"index","follow":"follow","max-snippet":"max-snippet:-1","max-image-preview":"max-image-preview:large","max-video-preview":"max-video-preview:-1"},"canonical":"https:\/\/assistamedical.com\/fr\/products\/shop\/huck-towels\/","og_locale":"fr_CA","og_type":"article","og_title":"Box of 12 Huck Towels - Assista Medical","og_description":"Our huck towels are made with Surgical grade cotton thus they can be washed and sterilized to use in a control environment operating room. These towels are also perfect for car washes, housekeeping, lint-free wiping and glass-cleaning. Reusable and long lasting. Colorfast towels.  The products comes in a box with 12 huck towels.","og_url":"https:\/\/assistamedical.com\/fr\/products\/shop\/huck-towels\/","og_site_name":"Assista Medical","article_modified_time":"2022-07-28T20:28:02+00:00","og_image":[{"width":722,"height":660,"url":"https:\/\/assistamedical.com\/wp-content\/uploads\/2022\/03\/Huck-towel.jpg","type":"image\/jpeg"}],"twitter_card":"summary_large_image","schema":{"@context":"https:\/\/schema.org","@graph":[{"@type":"WebPage","@id":"https:\/\/assistamedical.com\/en\/products\/shop\/huck-towels\/","url":"https:\/\/assistamedical.com\/en\/products\/shop\/huck-towels\/","name":"Box of 12 Huck Towels - Assista Medical","isPartOf":{"@id":"https:\/\/assistamedical.com\/fr\/#website"},"primaryImageOfPage":{"@id":"https:\/\/assistamedical.com\/en\/products\/shop\/huck-towels\/#primaryimage"},"image":{"@id":"https:\/\/assistamedical.com\/en\/products\/shop\/huck-towels\/#primaryimage"},"thumbnailUrl":"https:\/\/assistamedical.com\/wp-content\/uploads\/2022\/03\/Huck-towel.jpg","datePublished":"2022-03-15T19:00:14+00:00","dateModified":"2022-07-28T20:28:02+00:00","breadcrumb":{"@id":"https:\/\/assistamedical.com\/en\/products\/shop\/huck-towels\/#breadcrumb"},"inLanguage":"fr-CA","potentialAction":[{"@type":"ReadAction","target":["https:\/\/assistamedical.com\/en\/products\/shop\/huck-towels\/"]}]},{"@type":"ImageObject","inLanguage":"fr-CA","@id":"https:\/\/assistamedical.com\/en\/products\/shop\/huck-towels\/#primaryimage","url":"https:\/\/assistamedical.com\/wp-content\/uploads\/2022\/03\/Huck-towel.jpg","contentUrl":"https:\/\/assistamedical.com\/wp-content\/uploads\/2022\/03\/Huck-towel.jpg","width":722,"height":660},{"@type":"BreadcrumbList","@id":"https:\/\/assistamedical.com\/en\/products\/shop\/huck-towels\/#breadcrumb","itemListElement":[{"@type":"ListItem","position":1,"name":"Home","item":"https:\/\/assistamedical.com\/fr\/"},{"@type":"ListItem","position":2,"name":"Products","item":"https:\/\/assistamedical.com\/en\/products\/"},{"@type":"ListItem","position":3,"name":"Box of 12 Huck Towels"}]},{"@type":"WebSite","@id":"https:\/\/assistamedical.com\/fr\/#website","url":"https:\/\/assistamedical.com\/fr\/","name":"Assista Medical","description":"","publisher":{"@id":"https:\/\/assistamedical.com\/fr\/#organization"},"potentialAction":[{"@type":"SearchAction","target":{"@type":"EntryPoint","urlTemplate":"https:\/\/assistamedical.com\/fr\/?s={search_term_string}"},"query-input":"required name=search_term_string"}],"inLanguage":"fr-CA"},{"@type":"Organization","@id":"https:\/\/assistamedical.com\/fr\/#organization","name":"Assista Medical","url":"https:\/\/assistamedical.com\/fr\/","logo":{"@type":"ImageObject","inLanguage":"fr-CA","@id":"https:\/\/assistamedical.com\/fr\/#\/schema\/logo\/image\/","url":"https:\/\/assistamedical.com\/wp-content\/uploads\/2022\/02\/cropped-logo-Assista-Final-1.png","contentUrl":"https:\/\/assistamedical.com\/wp-content\/uploads\/2022\/02\/cropped-logo-Assista-Final-1.png","width":1200,"height":397,"caption":"Assista Medical"},"image":{"@id":"https:\/\/assistamedical.com\/fr\/#\/schema\/logo\/image\/"}}]}},"jetpack_sharing_enabled":true,"_links":{"self":[{"href":"https:\/\/assistamedical.com\/fr\/wp-json\/wp\/v2\/product\/2373","targetHints":{"allow":["GET"]}}],"collection":[{"href":"https:\/\/assistamedical.com\/fr\/wp-json\/wp\/v2\/product"}],"about":[{"href":"https:\/\/assistamedical.com\/fr\/wp-json\/wp\/v2\/types\/product"}],"wp:featuredmedia":[{"embeddable":true,"href":"https:\/\/assistamedical.com\/fr\/wp-json\/wp\/v2\/media\/2403"}],"wp:attachment":[{"href":"https:\/\/assistamedical.com\/fr\/wp-json\/wp\/v2\/media?parent=2373"}],"wp:term":[{"taxonomy":"product_brand","embeddable":true,"href":"https:\/\/assistamedical.com\/fr\/wp-json\/wp\/v2\/product_brand?post=2373"},{"taxonomy":"product_cat","embeddable":true,"href":"https:\/\/assistamedical.com\/fr\/wp-json\/wp\/v2\/product_cat?post=2373"},{"taxonomy":"product_tag","embeddable":true,"href":"https:\/\/assistamedical.com\/fr\/wp-json\/wp\/v2\/product_tag?post=2373"}],"curies":[{"name":"wp","href":"https:\/\/api.w.org\/{rel}","templated":true}]}}