{"id":2345,"date":"2022-03-14T18:11:13","date_gmt":"2022-03-14T18:11:13","guid":{"rendered":"http:\/\/localhost:10016\/?post_type=product&#038;p=2345"},"modified":"2025-10-30T14:56:25","modified_gmt":"2025-10-30T18:56:25","slug":"surgical-gown-level-3","status":"publish","type":"product","link":"https:\/\/assistamedical.com\/fr\/products\/shop\/surgical-gown-level-3\/","title":{"rendered":"Blouse chirurgicale jetable niveau 3"},"content":{"rendered":"<p>AAMI Level 3 full-back gown is made of soft, breathable SMMS material for maximum comfort.<br \/>\nCe produit pr\u00e9sente trois caract\u00e9ristiques essentielles pour la s\u00e9curit\u00e9 sanitaire : un poignet \u00e9lastique hybride avec un design pour le pouce en crochet, une couverture compl\u00e8te \u00e0 360 degr\u00e9s et un port au-dessus de la t\u00eate.<br \/>\nLes options comprennent des attaches arri\u00e8re ou des panneaux arri\u00e8re se chevauchant avec des attaches lat\u00e9rales.<\/p>","protected":false},"excerpt":{"rendered":"<ul>\n<li>Blouse renforc\u00e9e par SMS, la poitrine et les manches sont renforc\u00e9es par une couche suppl\u00e9mentaire de mat\u00e9riau SMS.<\/li>\n<li>Conforme \u00e0 la norme ASTM F2407<\/li>\n<li>Style de st\u00e9rilisation : St\u00e9rilisation selon la norme ISO 11135-1 : 2007<\/li>\n<li>Manches raglan, fermeture du col par crochets et boucles, et fermeture de la taille par un lien.<\/li>\n<li>AAMI niveau 3 \u00e0 la zone renforc\u00e9e<\/li>\n<li>Dans la zone non renforc\u00e9e<\/li>\n<li>Mat\u00e9riau : 100 % SMS<\/li>\n<li>Poids du tissu : 45gsm<\/li>\n<li>Couleur : Bleu<\/li>\n<li>Grandeur: L, XL<\/li>\n<li>Emballage : 25 pi\u00e8ces\/carton<\/li>\n<li>Type de manchette tricot\u00e9e<\/li>\n<\/ul>","protected":false},"featured_media":2346,"template":"","meta":{"_kadence_starter_templates_imported_post":false,"_kad_post_transparent":"default","_kad_post_title":"","_kad_post_layout":"default","_kad_post_sidebar_id":"","_kad_post_content_style":"default","_kad_post_vertical_padding":"default","_kad_post_feature":"","_kad_post_feature_position":"","_kad_post_header":false,"_kad_post_footer":false},"product_brand":[],"product_cat":[63],"product_tag":[26,24,25,23],"class_list":{"0":"post-2345","1":"product","2":"type-product","3":"status-publish","4":"has-post-thumbnail","6":"product_cat-shop","7":"product_tag-disposable","8":"product_tag-gown","9":"product_tag-level-3","10":"product_tag-surgical","12":"first","13":"instock","14":"taxable","15":"shipping-taxable","16":"purchasable","17":"product-type-simple","18":"entry","19":"content-bg","20":"loop-entry"},"yoast_head":"<!-- This site is optimized with the Yoast SEO plugin v22.6 - https:\/\/yoast.com\/wordpress\/plugins\/seo\/ -->\n<title>Disposable Surgical Gown Level 3 - Assista Medical<\/title>\n<meta name=\"robots\" content=\"index, follow, max-snippet:-1, max-image-preview:large, max-video-preview:-1\" \/>\n<link rel=\"canonical\" href=\"https:\/\/assistamedical.com\/fr\/products\/shop\/surgical-gown-level-3\/\" \/>\n<meta property=\"og:locale\" content=\"fr_CA\" \/>\n<meta property=\"og:type\" content=\"article\" \/>\n<meta property=\"og:title\" content=\"Disposable Surgical Gown Level 3 - Assista Medical\" \/>\n<meta property=\"og:description\" content=\"SMS reinforced gown, the chest and sleeve area are reinforced with an additional layer of SMS material  Meet ASTM F2407 standard  Sterile style: Sterilization followed by ISO 11135-1: 2007 standard  Raglan sleeves, hook and loop neck closures, and tie waist closures  AAMI Level 3 at the reinforced area  At the non-reinforced area  Material: 100 % SMS  Fabric weight: 45gsm  Color: Blue  Size: L, XL  Packing: 25pcs\/carton  Knitted cuff type\" \/>\n<meta property=\"og:url\" content=\"https:\/\/assistamedical.com\/fr\/products\/shop\/surgical-gown-level-3\/\" \/>\n<meta property=\"og:site_name\" content=\"Assista Medical\" \/>\n<meta property=\"article:modified_time\" content=\"2025-10-30T18:56:25+00:00\" \/>\n<meta property=\"og:image\" content=\"http:\/\/assistamedical.com\/wp-content\/uploads\/2022\/03\/42.jpg\" \/>\n\t<meta property=\"og:image:width\" content=\"1707\" \/>\n\t<meta property=\"og:image:height\" content=\"2560\" \/>\n\t<meta property=\"og:image:type\" content=\"image\/jpeg\" \/>\n<meta name=\"twitter:card\" content=\"summary_large_image\" \/>\n<script type=\"application\/ld+json\" class=\"yoast-schema-graph\">{\"@context\":\"https:\/\/schema.org\",\"@graph\":[{\"@type\":\"WebPage\",\"@id\":\"https:\/\/assistamedical.com\/products\/shop\/surgical-gown-level-3\/\",\"url\":\"https:\/\/assistamedical.com\/products\/shop\/surgical-gown-level-3\/\",\"name\":\"Disposable Surgical Gown Level 3 - Assista Medical\",\"isPartOf\":{\"@id\":\"https:\/\/assistamedical.com\/fr\/#website\"},\"primaryImageOfPage\":{\"@id\":\"https:\/\/assistamedical.com\/products\/shop\/surgical-gown-level-3\/#primaryimage\"},\"image\":{\"@id\":\"https:\/\/assistamedical.com\/products\/shop\/surgical-gown-level-3\/#primaryimage\"},\"thumbnailUrl\":\"https:\/\/assistamedical.com\/wp-content\/uploads\/2022\/03\/42.jpg\",\"datePublished\":\"2022-03-14T18:11:13+00:00\",\"dateModified\":\"2025-10-30T18:56:25+00:00\",\"breadcrumb\":{\"@id\":\"https:\/\/assistamedical.com\/products\/shop\/surgical-gown-level-3\/#breadcrumb\"},\"inLanguage\":\"fr-CA\",\"potentialAction\":[{\"@type\":\"ReadAction\",\"target\":[\"https:\/\/assistamedical.com\/products\/shop\/surgical-gown-level-3\/\"]}]},{\"@type\":\"ImageObject\",\"inLanguage\":\"fr-CA\",\"@id\":\"https:\/\/assistamedical.com\/products\/shop\/surgical-gown-level-3\/#primaryimage\",\"url\":\"https:\/\/assistamedical.com\/wp-content\/uploads\/2022\/03\/42.jpg\",\"contentUrl\":\"https:\/\/assistamedical.com\/wp-content\/uploads\/2022\/03\/42.jpg\",\"width\":1707,\"height\":2560},{\"@type\":\"BreadcrumbList\",\"@id\":\"https:\/\/assistamedical.com\/products\/shop\/surgical-gown-level-3\/#breadcrumb\",\"itemListElement\":[{\"@type\":\"ListItem\",\"position\":1,\"name\":\"Home\",\"item\":\"https:\/\/assistamedical.com\/fr\/\"},{\"@type\":\"ListItem\",\"position\":2,\"name\":\"Products\",\"item\":\"https:\/\/assistamedical.com\/en\/products\/\"},{\"@type\":\"ListItem\",\"position\":3,\"name\":\"Disposable Surgical Gown Level 3\"}]},{\"@type\":\"WebSite\",\"@id\":\"https:\/\/assistamedical.com\/fr\/#website\",\"url\":\"https:\/\/assistamedical.com\/fr\/\",\"name\":\"Assista Medical\",\"description\":\"\",\"publisher\":{\"@id\":\"https:\/\/assistamedical.com\/fr\/#organization\"},\"potentialAction\":[{\"@type\":\"SearchAction\",\"target\":{\"@type\":\"EntryPoint\",\"urlTemplate\":\"https:\/\/assistamedical.com\/fr\/?s={search_term_string}\"},\"query-input\":\"required name=search_term_string\"}],\"inLanguage\":\"fr-CA\"},{\"@type\":\"Organization\",\"@id\":\"https:\/\/assistamedical.com\/fr\/#organization\",\"name\":\"Assista Medical\",\"url\":\"https:\/\/assistamedical.com\/fr\/\",\"logo\":{\"@type\":\"ImageObject\",\"inLanguage\":\"fr-CA\",\"@id\":\"https:\/\/assistamedical.com\/fr\/#\/schema\/logo\/image\/\",\"url\":\"https:\/\/assistamedical.com\/wp-content\/uploads\/2022\/02\/cropped-logo-Assista-Final-1.png\",\"contentUrl\":\"https:\/\/assistamedical.com\/wp-content\/uploads\/2022\/02\/cropped-logo-Assista-Final-1.png\",\"width\":1200,\"height\":397,\"caption\":\"Assista Medical\"},\"image\":{\"@id\":\"https:\/\/assistamedical.com\/fr\/#\/schema\/logo\/image\/\"}}]}<\/script>\n<!-- \/ Yoast SEO plugin. -->","yoast_head_json":{"title":"Disposable Surgical Gown Level 3 - Assista Medical","robots":{"index":"index","follow":"follow","max-snippet":"max-snippet:-1","max-image-preview":"max-image-preview:large","max-video-preview":"max-video-preview:-1"},"canonical":"https:\/\/assistamedical.com\/fr\/products\/shop\/surgical-gown-level-3\/","og_locale":"fr_CA","og_type":"article","og_title":"Disposable Surgical Gown Level 3 - Assista Medical","og_description":"SMS reinforced gown, the chest and sleeve area are reinforced with an additional layer of SMS material  Meet ASTM F2407 standard  Sterile style: Sterilization followed by ISO 11135-1: 2007 standard  Raglan sleeves, hook and loop neck closures, and tie waist closures  AAMI Level 3 at the reinforced area  At the non-reinforced area  Material: 100 % SMS  Fabric weight: 45gsm  Color: Blue  Size: L, XL  Packing: 25pcs\/carton  Knitted cuff type","og_url":"https:\/\/assistamedical.com\/fr\/products\/shop\/surgical-gown-level-3\/","og_site_name":"Assista Medical","article_modified_time":"2025-10-30T18:56:25+00:00","og_image":[{"width":1707,"height":2560,"url":"http:\/\/assistamedical.com\/wp-content\/uploads\/2022\/03\/42.jpg","type":"image\/jpeg"}],"twitter_card":"summary_large_image","schema":{"@context":"https:\/\/schema.org","@graph":[{"@type":"WebPage","@id":"https:\/\/assistamedical.com\/products\/shop\/surgical-gown-level-3\/","url":"https:\/\/assistamedical.com\/products\/shop\/surgical-gown-level-3\/","name":"Disposable Surgical Gown Level 3 - Assista Medical","isPartOf":{"@id":"https:\/\/assistamedical.com\/fr\/#website"},"primaryImageOfPage":{"@id":"https:\/\/assistamedical.com\/products\/shop\/surgical-gown-level-3\/#primaryimage"},"image":{"@id":"https:\/\/assistamedical.com\/products\/shop\/surgical-gown-level-3\/#primaryimage"},"thumbnailUrl":"https:\/\/assistamedical.com\/wp-content\/uploads\/2022\/03\/42.jpg","datePublished":"2022-03-14T18:11:13+00:00","dateModified":"2025-10-30T18:56:25+00:00","breadcrumb":{"@id":"https:\/\/assistamedical.com\/products\/shop\/surgical-gown-level-3\/#breadcrumb"},"inLanguage":"fr-CA","potentialAction":[{"@type":"ReadAction","target":["https:\/\/assistamedical.com\/products\/shop\/surgical-gown-level-3\/"]}]},{"@type":"ImageObject","inLanguage":"fr-CA","@id":"https:\/\/assistamedical.com\/products\/shop\/surgical-gown-level-3\/#primaryimage","url":"https:\/\/assistamedical.com\/wp-content\/uploads\/2022\/03\/42.jpg","contentUrl":"https:\/\/assistamedical.com\/wp-content\/uploads\/2022\/03\/42.jpg","width":1707,"height":2560},{"@type":"BreadcrumbList","@id":"https:\/\/assistamedical.com\/products\/shop\/surgical-gown-level-3\/#breadcrumb","itemListElement":[{"@type":"ListItem","position":1,"name":"Home","item":"https:\/\/assistamedical.com\/fr\/"},{"@type":"ListItem","position":2,"name":"Products","item":"https:\/\/assistamedical.com\/en\/products\/"},{"@type":"ListItem","position":3,"name":"Disposable Surgical Gown Level 3"}]},{"@type":"WebSite","@id":"https:\/\/assistamedical.com\/fr\/#website","url":"https:\/\/assistamedical.com\/fr\/","name":"Assista Medical","description":"","publisher":{"@id":"https:\/\/assistamedical.com\/fr\/#organization"},"potentialAction":[{"@type":"SearchAction","target":{"@type":"EntryPoint","urlTemplate":"https:\/\/assistamedical.com\/fr\/?s={search_term_string}"},"query-input":"required name=search_term_string"}],"inLanguage":"fr-CA"},{"@type":"Organization","@id":"https:\/\/assistamedical.com\/fr\/#organization","name":"Assista Medical","url":"https:\/\/assistamedical.com\/fr\/","logo":{"@type":"ImageObject","inLanguage":"fr-CA","@id":"https:\/\/assistamedical.com\/fr\/#\/schema\/logo\/image\/","url":"https:\/\/assistamedical.com\/wp-content\/uploads\/2022\/02\/cropped-logo-Assista-Final-1.png","contentUrl":"https:\/\/assistamedical.com\/wp-content\/uploads\/2022\/02\/cropped-logo-Assista-Final-1.png","width":1200,"height":397,"caption":"Assista Medical"},"image":{"@id":"https:\/\/assistamedical.com\/fr\/#\/schema\/logo\/image\/"}}]}},"jetpack_sharing_enabled":true,"_links":{"self":[{"href":"https:\/\/assistamedical.com\/fr\/wp-json\/wp\/v2\/product\/2345","targetHints":{"allow":["GET"]}}],"collection":[{"href":"https:\/\/assistamedical.com\/fr\/wp-json\/wp\/v2\/product"}],"about":[{"href":"https:\/\/assistamedical.com\/fr\/wp-json\/wp\/v2\/types\/product"}],"wp:featuredmedia":[{"embeddable":true,"href":"https:\/\/assistamedical.com\/fr\/wp-json\/wp\/v2\/media\/2346"}],"wp:attachment":[{"href":"https:\/\/assistamedical.com\/fr\/wp-json\/wp\/v2\/media?parent=2345"}],"wp:term":[{"taxonomy":"product_brand","embeddable":true,"href":"https:\/\/assistamedical.com\/fr\/wp-json\/wp\/v2\/product_brand?post=2345"},{"taxonomy":"product_cat","embeddable":true,"href":"https:\/\/assistamedical.com\/fr\/wp-json\/wp\/v2\/product_cat?post=2345"},{"taxonomy":"product_tag","embeddable":true,"href":"https:\/\/assistamedical.com\/fr\/wp-json\/wp\/v2\/product_tag?post=2345"}],"curies":[{"name":"wp","href":"https:\/\/api.w.org\/{rel}","templated":true}]}}