{"id":1529,"date":"2020-11-28T09:05:38","date_gmt":"2020-11-28T09:05:38","guid":{"rendered":"https:\/\/wordpress-486734-1610623.cloudwaysapps.com\/?page_id=1529"},"modified":"2022-06-10T18:31:24","modified_gmt":"2022-06-10T18:31:24","slug":"about","status":"publish","type":"page","link":"https:\/\/assistamedical.com\/fr\/about\/","title":{"rendered":"\u00c0 Propos"},"content":{"rendered":"<style>.wp-block-kadence-advancedheading.kt-adv-heading_cbb0bd-95, .wp-block-kadence-advancedheading.kt-adv-heading_cbb0bd-95[data-kb-block=\"kb-adv-heading_cbb0bd-95\"]{text-align:center;font-size:3.5em;font-style:normal;color:#3182ce;}.wp-block-kadence-advancedheading.kt-adv-heading_cbb0bd-95 mark.kt-highlight, .wp-block-kadence-advancedheading.kt-adv-heading_cbb0bd-95[data-kb-block=\"kb-adv-heading_cbb0bd-95\"] mark.kt-highlight{font-style:normal;color:#f76a0c;-webkit-box-decoration-break:clone;box-decoration-break:clone;padding-top:0px;padding-right:0px;padding-bottom:0px;padding-left:0px;}@media all and (max-width: 1024px){.wp-block-kadence-advancedheading.kt-adv-heading_cbb0bd-95, .wp-block-kadence-advancedheading.kt-adv-heading_cbb0bd-95[data-kb-block=\"kb-adv-heading_cbb0bd-95\"]{font-size:3em;line-height:1.1em;}}@media all and (max-width: 767px){.wp-block-kadence-advancedheading.kt-adv-heading_cbb0bd-95, .wp-block-kadence-advancedheading.kt-adv-heading_cbb0bd-95[data-kb-block=\"kb-adv-heading_cbb0bd-95\"]{font-size:2.5em;line-height:1.1em;}}<\/style>\n<h1 class=\"kt-adv-heading_cbb0bd-95 wp-block-kadence-advancedheading\" data-kb-block=\"kb-adv-heading_cbb0bd-95\"><strong>\u00c0 Propos d'Assista Medical<\/strong><\/h1>\n\n\n<style>#kt-layout-id_06ce3c-f5 > .kt-row-column-wrap{z-index:10;position:relative;align-content:start;}:where(#kt-layout-id_06ce3c-f5 > .kt-row-column-wrap) > .wp-block-kadence-column{justify-content:start;}#kt-layout-id_06ce3c-f5 > .kt-row-column-wrap{column-gap:var(--global-kb-gap-md, 2rem);row-gap:var(--global-kb-gap-md, 2rem);padding-top:var( --global-kb-row-default-top, 25px );padding-bottom:var( --global-kb-row-default-bottom, 25px );padding-top:0vw;padding-bottom:6vw;grid-template-columns:minmax(0, calc(50% - ((var(--global-kb-gap-md, 2rem) * 1 )\/2)))minmax(0, calc(50% - ((var(--global-kb-gap-md, 2rem) * 1 )\/2)));}#kt-layout-id_06ce3c-f5 > .kt-row-layout-overlay{opacity:0.30;}#kt-layout-id_06ce3c-f5 .kt-row-layout-bottom-sep{height:100px;}#kt-layout-id_06ce3c-f5 .kt-row-layout-bottom-sep svg{width:100%;}#kt-layout-id_06ce3c-f5 .kt-row-layout-bottom-sep svg{fill:#a2d2ff!important;}@media all and (max-width: 1024px){#kt-layout-id_06ce3c-f5 > .kt-row-column-wrap{grid-template-columns:minmax(0, 1fr);}}@media all and (max-width: 1024px){#kt-layout-id_06ce3c-f5 .kt-row-layout-bottom-sep{height:px;}}@media all and (max-width: 1024px){#kt-layout-id_06ce3c-f5 .kt-row-layout-bottom-sep svg{width:%;}}@media all and (max-width: 767px){#kt-layout-id_06ce3c-f5 > .kt-row-column-wrap{padding-bottom:40vw;grid-template-columns:minmax(0, 1fr);}#kt-layout-id_06ce3c-f5 .kt-row-layout-bottom-sep{height:px;}#kt-layout-id_06ce3c-f5 .kt-row-layout-bottom-sep svg{width:%;}}<\/style>\n<div class=\"wp-block-kadence-rowlayout alignnone\"><div id=\"kt-layout-id_06ce3c-f5\" class=\"kt-row-layout-inner kt-layout-id_06ce3c-f5\"><div class=\"kt-row-column-wrap kt-has-2-columns kt-gutter-default kt-v-gutter-default kt-row-valign-top kt-row-layout-left-golden kt-tab-layout-row kt-m-colapse-left-to-right kt-mobile-layout-row  kt-custom-first-width-50  kt-custom-second-width-50\"><style>.kadence-column_1f149a-1f > .kt-inside-inner-col{border-top-width:0px;border-right-width:0px;border-bottom-width:0px;border-left-width:0px;}.kadence-column_1f149a-1f > .kt-inside-inner-col,.kadence-column_1f149a-1f > .kt-inside-inner-col:before{border-top-left-radius:0px;border-top-right-radius:0px;border-bottom-right-radius:0px;border-bottom-left-radius:0px;}.kadence-column_1f149a-1f > .kt-inside-inner-col{column-gap:var(--global-kb-gap-sm, 1rem);}.kadence-column_1f149a-1f > .kt-inside-inner-col{flex-direction:column;}.kadence-column_1f149a-1f > .kt-inside-inner-col > .aligncenter{width:100%;}.kadence-column_1f149a-1f > .kt-inside-inner-col:before{opacity:0.3;}.kadence-column_1f149a-1f{position:relative;}@media all and (max-width: 1024px){.kadence-column_1f149a-1f > .kt-inside-inner-col{flex-direction:column;justify-content:center;}}@media all and (max-width: 767px){.kadence-column_1f149a-1f > .kt-inside-inner-col{flex-direction:column;justify-content:center;}}<\/style>\n<div class=\"wp-block-kadence-column inner-column-1 kadence-column_1f149a-1f\"><div class=\"kt-inside-inner-col\"><style>.kb-image_c9bc03-a5.kb-image-is-ratio-size, .kb-image_c9bc03-a5 .kb-image-is-ratio-size{max-width:720px;width:100%;}.wp-block-kadence-column > .kt-inside-inner-col > .kb-image_c9bc03-a5.kb-image-is-ratio-size, .wp-block-kadence-column > .kt-inside-inner-col > .kb-image_c9bc03-a5 .kb-image-is-ratio-size{align-self:unset;}.kb-image_c9bc03-a5 figure{max-width:720px;}.kb-image_c9bc03-a5 .image-is-svg, .kb-image_c9bc03-a5 .image-is-svg img{width:100%;}.kb-image_c9bc03-a5 .kb-image-has-overlay:after{opacity:0.3;}<\/style>\n<div class=\"wp-block-kadence-image kb-image_c9bc03-a5\"><figure class=\"aligncenter size-medium_large\"><img loading=\"lazy\" decoding=\"async\" width=\"768\" height=\"512\" src=\"https:\/\/mmjmuny4.mywhc.ca\/wp-content\/uploads\/2022\/03\/Nurses-768x512.jpg\" alt=\"\" class=\"kb-img wp-image-2299\" srcset=\"https:\/\/assistamedical.com\/wp-content\/uploads\/2022\/03\/Nurses-768x512.jpg 768w, https:\/\/assistamedical.com\/wp-content\/uploads\/2022\/03\/Nurses-300x200.jpg 300w, https:\/\/assistamedical.com\/wp-content\/uploads\/2022\/03\/Nurses-1024x683.jpg 1024w, https:\/\/assistamedical.com\/wp-content\/uploads\/2022\/03\/Nurses-1536x1024.jpg 1536w, https:\/\/assistamedical.com\/wp-content\/uploads\/2022\/03\/Nurses-2048x1365.jpg 2048w, https:\/\/assistamedical.com\/wp-content\/uploads\/2022\/03\/Nurses-1320x880.jpg 1320w, https:\/\/assistamedical.com\/wp-content\/uploads\/2022\/03\/Nurses-600x400.jpg 600w\" sizes=\"auto, (max-width: 768px) 100vw, 768px\" \/><\/figure><\/div>\n<\/div><\/div>\n\n\n<style>.kadence-column_4b9641-43 > .kt-inside-inner-col{display:flex;}.kadence-column_4b9641-43 > .kt-inside-inner-col{padding-left:0%;padding-right:10%;}.kadence-column_4b9641-43 > .kt-inside-inner-col{border-top-width:0px;border-right-width:0px;border-bottom-width:0px;border-left-width:0px;}.kadence-column_4b9641-43 > .kt-inside-inner-col,.kadence-column_4b9641-43 > .kt-inside-inner-col:before{border-top-left-radius:0px;border-top-right-radius:0px;border-bottom-right-radius:0px;border-bottom-left-radius:0px;}.kadence-column_4b9641-43 > .kt-inside-inner-col{flex-direction:row;flex-wrap:wrap;align-items:center;justify-content:center;}.kadence-column_4b9641-43 > .kt-inside-inner-col > *, .kadence-column_4b9641-43 > .kt-inside-inner-col > figure.wp-block-image, .kadence-column_4b9641-43 > .kt-inside-inner-col > figure.wp-block-kadence-image{margin-top:0px;margin-bottom:0px;}.kadence-column_4b9641-43 > .kt-inside-inner-col > .kb-image-is-ratio-size{flex-grow:1;}.kadence-column_4b9641-43 > .kt-inside-inner-col:before{opacity:0.3;}.kadence-column_4b9641-43{text-align:center;}.kadence-column_4b9641-43{position:relative;}.wp-block-kadence-column.kadence-column_4b9641-43 > .kt-inside-inner-col{margin-right:0px;}@media all and (max-width: 1024px){.kadence-column_4b9641-43 > .kt-inside-inner-col{padding-bottom:60%;flex-direction:row;flex-wrap:wrap;align-items:center;justify-content:center;}}@media all and (min-width: 768px) and (max-width: 1024px){.kadence-column_4b9641-43 > .kt-inside-inner-col > *, .kadence-column_4b9641-43 > .kt-inside-inner-col > figure.wp-block-image, .kadence-column_4b9641-43 > .kt-inside-inner-col > figure.wp-block-kadence-image{margin-top:0px;margin-bottom:0px;}.kadence-column_4b9641-43 > .kt-inside-inner-col > .kb-image-is-ratio-size{flex-grow:1;}}@media all and (max-width: 767px){.kadence-column_4b9641-43 > .kt-inside-inner-col{padding-left:25%;padding-right:25%;flex-direction:row;flex-wrap:wrap;justify-content:flex-start;justify-content:center;}.kadence-column_4b9641-43 > .kt-inside-inner-col > *, .kadence-column_4b9641-43 > .kt-inside-inner-col > figure.wp-block-image, .kadence-column_4b9641-43 > .kt-inside-inner-col > figure.wp-block-kadence-image{margin-top:0px;margin-bottom:0px;}.kadence-column_4b9641-43 > .kt-inside-inner-col > .kb-image-is-ratio-size{flex-grow:1;}}<\/style>\n<div class=\"wp-block-kadence-column inner-column-2 kadence-column_4b9641-43\"><div class=\"kt-inside-inner-col\"><style>.wp-block-kadence-spacer.kt-block-spacer-_0a95f1-8f .kt-block-spacer{height:30px;}.wp-block-kadence-spacer.kt-block-spacer-_0a95f1-8f .kt-divider{border-top-width:1px;height:1px;border-top-color:#eee;width:80%;border-top-style:solid;}<\/style>\n<div class=\"wp-block-kadence-spacer aligncenter kt-block-spacer-_0a95f1-8f\"><div class=\"kt-block-spacer kt-block-spacer-halign-center\"><\/div><\/div>\n\n\n<style>.wp-block-kadence-advancedheading.kt-adv-heading_46653a-c6, .wp-block-kadence-advancedheading.kt-adv-heading_46653a-c6[data-kb-block=\"kb-adv-heading_46653a-c6\"]{font-size:1.4em;line-height:1.2em;font-style:normal;}.wp-block-kadence-advancedheading.kt-adv-heading_46653a-c6 mark.kt-highlight, .wp-block-kadence-advancedheading.kt-adv-heading_46653a-c6[data-kb-block=\"kb-adv-heading_46653a-c6\"] mark.kt-highlight{font-style:normal;color:#f76a0c;-webkit-box-decoration-break:clone;box-decoration-break:clone;padding-top:0px;padding-right:0px;padding-bottom:0px;padding-left:0px;}@media all and (max-width: 1024px){.wp-block-kadence-advancedheading.kt-adv-heading_46653a-c6, .wp-block-kadence-advancedheading.kt-adv-heading_46653a-c6[data-kb-block=\"kb-adv-heading_46653a-c6\"]{margin-right:20px;margin-left:20px;font-size:1.3em;line-height:1.1em;text-align:center!important;}}@media all and (max-width: 767px){.wp-block-kadence-advancedheading.kt-adv-heading_46653a-c6, .wp-block-kadence-advancedheading.kt-adv-heading_46653a-c6[data-kb-block=\"kb-adv-heading_46653a-c6\"]{margin-right:10px;margin-left:10px;font-size:1.4em;line-height:1.1em;text-align:center!important;}}<\/style>\n<p class=\"kt-adv-heading_46653a-c6 wp-block-kadence-advancedheading has-theme-palette-1-color has-text-color\" data-kb-block=\"kb-adv-heading_46653a-c6\">Nous sommes bas\u00e9s \u00e0 Montr\u00e9al o\u00f9 nous concevons, fabriquons et distribuons du linge chirurgical et m\u00e9dical. Ces v\u00eatements sont durables, r\u00e9utilisables et assurent le confort des patients et du personnel.&nbsp;<\/p>\n\n\n<style>.wp-block-kadence-spacer.kt-block-spacer-_e8d5a2-84 .kt-block-spacer{height:10px;}.wp-block-kadence-spacer.kt-block-spacer-_e8d5a2-84 .kt-divider{border-top-width:1px;height:1px;border-top-color:#a2d2ff;width:80%;border-top-style:solid;}<\/style>\n<div class=\"wp-block-kadence-spacer aligncenter kt-block-spacer-_e8d5a2-84\"><div class=\"kt-block-spacer kt-block-spacer-halign-center\"><hr class=\"kt-divider\"\/><\/div><\/div>\n\n\n<style>.wp-block-kadence-advancedheading.kt-adv-heading_f24b98-17, .wp-block-kadence-advancedheading.kt-adv-heading_f24b98-17[data-kb-block=\"kb-adv-heading_f24b98-17\"]{font-size:1.4em;line-height:1.2em;font-style:normal;}.wp-block-kadence-advancedheading.kt-adv-heading_f24b98-17 mark.kt-highlight, .wp-block-kadence-advancedheading.kt-adv-heading_f24b98-17[data-kb-block=\"kb-adv-heading_f24b98-17\"] mark.kt-highlight{font-style:normal;color:#f76a0c;-webkit-box-decoration-break:clone;box-decoration-break:clone;padding-top:0px;padding-right:0px;padding-bottom:0px;padding-left:0px;}@media all and (max-width: 1024px){.wp-block-kadence-advancedheading.kt-adv-heading_f24b98-17, .wp-block-kadence-advancedheading.kt-adv-heading_f24b98-17[data-kb-block=\"kb-adv-heading_f24b98-17\"]{margin-right:20px;margin-left:20px;font-size:1.3em;line-height:1.1em;text-align:center!important;}}@media all and (max-width: 767px){.wp-block-kadence-advancedheading.kt-adv-heading_f24b98-17, .wp-block-kadence-advancedheading.kt-adv-heading_f24b98-17[data-kb-block=\"kb-adv-heading_f24b98-17\"]{margin-right:10px;margin-left:10px;font-size:1.4em;line-height:1.1em;text-align:center!important;}}<\/style>\n<p class=\"kt-adv-heading_f24b98-17 wp-block-kadence-advancedheading has-theme-palette-1-color has-text-color\" data-kb-block=\"kb-adv-heading_f24b98-17\"><br>Nous \u00e9laborons nos produits en collaboration avec des professionnels de la sant\u00e9 et des clients. Cette collaboration vous permet de d\u00e9couvrir de nouvelles possibilit\u00e9s et d'aider vos patients, employ\u00e9s ou votre entreprise \u00e0 trouver le produit ou la solution qui convient \u00e0 chaque situation.&nbsp;<\/p>\n\n\n<style>.wp-block-kadence-spacer.kt-block-spacer-_80b24f-9e .kt-block-spacer{height:10px;}.wp-block-kadence-spacer.kt-block-spacer-_80b24f-9e .kt-divider{border-top-width:1px;height:1px;border-top-color:#a2d2ff;width:80%;border-top-style:solid;}<\/style>\n<div class=\"wp-block-kadence-spacer aligncenter kt-block-spacer-_80b24f-9e\"><div class=\"kt-block-spacer kt-block-spacer-halign-center\"><hr class=\"kt-divider\"\/><\/div><\/div>\n\n\n<style>.wp-block-kadence-advancedheading.kt-adv-heading_db1cab-72, .wp-block-kadence-advancedheading.kt-adv-heading_db1cab-72[data-kb-block=\"kb-adv-heading_db1cab-72\"]{font-size:1.4em;line-height:1.2em;font-style:normal;}.wp-block-kadence-advancedheading.kt-adv-heading_db1cab-72 mark.kt-highlight, .wp-block-kadence-advancedheading.kt-adv-heading_db1cab-72[data-kb-block=\"kb-adv-heading_db1cab-72\"] mark.kt-highlight{font-style:normal;color:#f76a0c;-webkit-box-decoration-break:clone;box-decoration-break:clone;padding-top:0px;padding-right:0px;padding-bottom:0px;padding-left:0px;}@media all and (max-width: 1024px){.wp-block-kadence-advancedheading.kt-adv-heading_db1cab-72, .wp-block-kadence-advancedheading.kt-adv-heading_db1cab-72[data-kb-block=\"kb-adv-heading_db1cab-72\"]{margin-right:20px;margin-left:20px;font-size:1.3em;line-height:1.1em;text-align:center!important;}}@media all and (max-width: 767px){.wp-block-kadence-advancedheading.kt-adv-heading_db1cab-72, .wp-block-kadence-advancedheading.kt-adv-heading_db1cab-72[data-kb-block=\"kb-adv-heading_db1cab-72\"]{margin-right:10px;margin-left:10px;font-size:1.4em;line-height:1.1em;text-align:center!important;}}<\/style>\n<p class=\"kt-adv-heading_db1cab-72 wp-block-kadence-advancedheading has-theme-palette-1-color has-text-color\" data-kb-block=\"kb-adv-heading_db1cab-72\"><br>Notre objectif est de fournir des produits de haute qualit\u00e9 qui r\u00e9pondent \u00e0 vos attentes en utilisant des tissus innovants et r\u00e9utilisables, r\u00e9duisant ainsi l'impact environnemental des d\u00e9chets m\u00e9dicaux.<\/p>\n<\/div><\/div>\n<\/div><div class=\"kt-row-layout-bottom-sep kt-row-sep-type-wavei\"><svg style=\"fill:#a2d2ff\" viewbox=\"0 0 1000 100\" preserveaspectratio=\"none\"><path d=\"M0,40c0,0 120.077,-38.076 250,-38c129.923,0.076 345.105,78 500,78c154.895,0 250,-30 250,-30l0,50l-1000,0l0,-60Z\"><\/path><\/svg><\/div><\/div><\/div>\n\n\n\n<p><\/p>","protected":false},"excerpt":{"rendered":"<p>About Assista Medical We are based in Montreal where we design, manufacture and distribute surgical and medical linens. These products are durable, reusable and ensure the comfort of patients and staff.&nbsp; We develop our products in collaboration with healthcare professionals and customers. This cooperation allows you to discover new possibilities and help your patients, employees&#8230;<\/p>","protected":false},"author":1,"featured_media":0,"parent":0,"menu_order":0,"comment_status":"closed","ping_status":"closed","template":"","meta":{"_kadence_starter_templates_imported_post":true,"_kad_post_transparent":"","_kad_post_title":"hide","_kad_post_layout":"fullwidth","_kad_post_sidebar_id":"","_kad_post_content_style":"unboxed","_kad_post_vertical_padding":"hide","_kad_post_feature":"hide","_kad_post_feature_position":"","_kad_post_header":false,"_kad_post_footer":false,"footnotes":""},"class_list":["post-1529","page","type-page","status-publish","hentry"],"yoast_head":"<!-- This site is optimized with the Yoast SEO plugin v22.6 - https:\/\/yoast.com\/wordpress\/plugins\/seo\/ -->\n<title>About Us - Assista Medical<\/title>\n<meta name=\"robots\" content=\"index, follow, max-snippet:-1, max-image-preview:large, max-video-preview:-1\" \/>\n<link rel=\"canonical\" href=\"https:\/\/assistamedical.com\/fr\/about\/\" \/>\n<meta property=\"og:locale\" content=\"fr_CA\" \/>\n<meta property=\"og:type\" content=\"article\" \/>\n<meta property=\"og:title\" content=\"About Us - Assista Medical\" \/>\n<meta property=\"og:description\" content=\"About Assista Medical We are based in Montreal where we design, manufacture and distribute surgical and medical linens. These products are durable, reusable and ensure the comfort of patients and staff.&nbsp; We develop our products in collaboration with healthcare professionals and customers. This cooperation allows you to discover new possibilities and help your patients, employees...\" \/>\n<meta property=\"og:url\" content=\"https:\/\/assistamedical.com\/fr\/about\/\" \/>\n<meta property=\"og:site_name\" content=\"Assista Medical\" \/>\n<meta property=\"article:modified_time\" content=\"2022-06-10T18:31:24+00:00\" \/>\n<meta property=\"og:image\" content=\"https:\/\/mmjmuny4.mywhc.ca\/wp-content\/uploads\/2022\/03\/Nurses-768x512.jpg\" \/>\n<meta name=\"twitter:card\" content=\"summary_large_image\" \/>\n<script type=\"application\/ld+json\" class=\"yoast-schema-graph\">{\"@context\":\"https:\/\/schema.org\",\"@graph\":[{\"@type\":\"WebPage\",\"@id\":\"https:\/\/assistamedical.com\/en\/about\/\",\"url\":\"https:\/\/assistamedical.com\/en\/about\/\",\"name\":\"About Us - Assista Medical\",\"isPartOf\":{\"@id\":\"https:\/\/assistamedical.com\/fr\/#website\"},\"primaryImageOfPage\":{\"@id\":\"https:\/\/assistamedical.com\/en\/about\/#primaryimage\"},\"image\":{\"@id\":\"https:\/\/assistamedical.com\/en\/about\/#primaryimage\"},\"thumbnailUrl\":\"https:\/\/mmjmuny4.mywhc.ca\/wp-content\/uploads\/2022\/03\/Nurses-768x512.jpg\",\"datePublished\":\"2020-11-28T09:05:38+00:00\",\"dateModified\":\"2022-06-10T18:31:24+00:00\",\"breadcrumb\":{\"@id\":\"https:\/\/assistamedical.com\/en\/about\/#breadcrumb\"},\"inLanguage\":\"fr-CA\",\"potentialAction\":[{\"@type\":\"ReadAction\",\"target\":[\"https:\/\/assistamedical.com\/en\/about\/\"]}]},{\"@type\":\"ImageObject\",\"inLanguage\":\"fr-CA\",\"@id\":\"https:\/\/assistamedical.com\/en\/about\/#primaryimage\",\"url\":\"https:\/\/mmjmuny4.mywhc.ca\/wp-content\/uploads\/2022\/03\/Nurses-768x512.jpg\",\"contentUrl\":\"https:\/\/mmjmuny4.mywhc.ca\/wp-content\/uploads\/2022\/03\/Nurses-768x512.jpg\"},{\"@type\":\"BreadcrumbList\",\"@id\":\"https:\/\/assistamedical.com\/en\/about\/#breadcrumb\",\"itemListElement\":[{\"@type\":\"ListItem\",\"position\":1,\"name\":\"Home\",\"item\":\"https:\/\/assistamedical.com\/fr\/\"},{\"@type\":\"ListItem\",\"position\":2,\"name\":\"About Us\"}]},{\"@type\":\"WebSite\",\"@id\":\"https:\/\/assistamedical.com\/fr\/#website\",\"url\":\"https:\/\/assistamedical.com\/fr\/\",\"name\":\"Assista Medical\",\"description\":\"\",\"publisher\":{\"@id\":\"https:\/\/assistamedical.com\/fr\/#organization\"},\"potentialAction\":[{\"@type\":\"SearchAction\",\"target\":{\"@type\":\"EntryPoint\",\"urlTemplate\":\"https:\/\/assistamedical.com\/fr\/?s={search_term_string}\"},\"query-input\":\"required name=search_term_string\"}],\"inLanguage\":\"fr-CA\"},{\"@type\":\"Organization\",\"@id\":\"https:\/\/assistamedical.com\/fr\/#organization\",\"name\":\"Assista Medical\",\"url\":\"https:\/\/assistamedical.com\/fr\/\",\"logo\":{\"@type\":\"ImageObject\",\"inLanguage\":\"fr-CA\",\"@id\":\"https:\/\/assistamedical.com\/fr\/#\/schema\/logo\/image\/\",\"url\":\"https:\/\/assistamedical.com\/wp-content\/uploads\/2022\/02\/cropped-logo-Assista-Final-1.png\",\"contentUrl\":\"https:\/\/assistamedical.com\/wp-content\/uploads\/2022\/02\/cropped-logo-Assista-Final-1.png\",\"width\":1200,\"height\":397,\"caption\":\"Assista Medical\"},\"image\":{\"@id\":\"https:\/\/assistamedical.com\/fr\/#\/schema\/logo\/image\/\"}}]}<\/script>\n<!-- \/ Yoast SEO plugin. -->","yoast_head_json":{"title":"About Us - Assista Medical","robots":{"index":"index","follow":"follow","max-snippet":"max-snippet:-1","max-image-preview":"max-image-preview:large","max-video-preview":"max-video-preview:-1"},"canonical":"https:\/\/assistamedical.com\/fr\/about\/","og_locale":"fr_CA","og_type":"article","og_title":"About Us - Assista Medical","og_description":"About Assista Medical We are based in Montreal where we design, manufacture and distribute surgical and medical linens. These products are durable, reusable and ensure the comfort of patients and staff.&nbsp; We develop our products in collaboration with healthcare professionals and customers. This cooperation allows you to discover new possibilities and help your patients, employees...","og_url":"https:\/\/assistamedical.com\/fr\/about\/","og_site_name":"Assista Medical","article_modified_time":"2022-06-10T18:31:24+00:00","og_image":[{"url":"https:\/\/mmjmuny4.mywhc.ca\/wp-content\/uploads\/2022\/03\/Nurses-768x512.jpg"}],"twitter_card":"summary_large_image","schema":{"@context":"https:\/\/schema.org","@graph":[{"@type":"WebPage","@id":"https:\/\/assistamedical.com\/en\/about\/","url":"https:\/\/assistamedical.com\/en\/about\/","name":"About Us - Assista Medical","isPartOf":{"@id":"https:\/\/assistamedical.com\/fr\/#website"},"primaryImageOfPage":{"@id":"https:\/\/assistamedical.com\/en\/about\/#primaryimage"},"image":{"@id":"https:\/\/assistamedical.com\/en\/about\/#primaryimage"},"thumbnailUrl":"https:\/\/mmjmuny4.mywhc.ca\/wp-content\/uploads\/2022\/03\/Nurses-768x512.jpg","datePublished":"2020-11-28T09:05:38+00:00","dateModified":"2022-06-10T18:31:24+00:00","breadcrumb":{"@id":"https:\/\/assistamedical.com\/en\/about\/#breadcrumb"},"inLanguage":"fr-CA","potentialAction":[{"@type":"ReadAction","target":["https:\/\/assistamedical.com\/en\/about\/"]}]},{"@type":"ImageObject","inLanguage":"fr-CA","@id":"https:\/\/assistamedical.com\/en\/about\/#primaryimage","url":"https:\/\/mmjmuny4.mywhc.ca\/wp-content\/uploads\/2022\/03\/Nurses-768x512.jpg","contentUrl":"https:\/\/mmjmuny4.mywhc.ca\/wp-content\/uploads\/2022\/03\/Nurses-768x512.jpg"},{"@type":"BreadcrumbList","@id":"https:\/\/assistamedical.com\/en\/about\/#breadcrumb","itemListElement":[{"@type":"ListItem","position":1,"name":"Home","item":"https:\/\/assistamedical.com\/fr\/"},{"@type":"ListItem","position":2,"name":"About Us"}]},{"@type":"WebSite","@id":"https:\/\/assistamedical.com\/fr\/#website","url":"https:\/\/assistamedical.com\/fr\/","name":"Assista Medical","description":"","publisher":{"@id":"https:\/\/assistamedical.com\/fr\/#organization"},"potentialAction":[{"@type":"SearchAction","target":{"@type":"EntryPoint","urlTemplate":"https:\/\/assistamedical.com\/fr\/?s={search_term_string}"},"query-input":"required name=search_term_string"}],"inLanguage":"fr-CA"},{"@type":"Organization","@id":"https:\/\/assistamedical.com\/fr\/#organization","name":"Assista Medical","url":"https:\/\/assistamedical.com\/fr\/","logo":{"@type":"ImageObject","inLanguage":"fr-CA","@id":"https:\/\/assistamedical.com\/fr\/#\/schema\/logo\/image\/","url":"https:\/\/assistamedical.com\/wp-content\/uploads\/2022\/02\/cropped-logo-Assista-Final-1.png","contentUrl":"https:\/\/assistamedical.com\/wp-content\/uploads\/2022\/02\/cropped-logo-Assista-Final-1.png","width":1200,"height":397,"caption":"Assista Medical"},"image":{"@id":"https:\/\/assistamedical.com\/fr\/#\/schema\/logo\/image\/"}}]}},"jetpack_sharing_enabled":true,"_links":{"self":[{"href":"https:\/\/assistamedical.com\/fr\/wp-json\/wp\/v2\/pages\/1529","targetHints":{"allow":["GET"]}}],"collection":[{"href":"https:\/\/assistamedical.com\/fr\/wp-json\/wp\/v2\/pages"}],"about":[{"href":"https:\/\/assistamedical.com\/fr\/wp-json\/wp\/v2\/types\/page"}],"author":[{"embeddable":true,"href":"https:\/\/assistamedical.com\/fr\/wp-json\/wp\/v2\/users\/1"}],"replies":[{"embeddable":true,"href":"https:\/\/assistamedical.com\/fr\/wp-json\/wp\/v2\/comments?post=1529"}],"version-history":[{"count":0,"href":"https:\/\/assistamedical.com\/fr\/wp-json\/wp\/v2\/pages\/1529\/revisions"}],"wp:attachment":[{"href":"https:\/\/assistamedical.com\/fr\/wp-json\/wp\/v2\/media?parent=1529"}],"curies":[{"name":"wp","href":"https:\/\/api.w.org\/{rel}","templated":true}]}}